{"id":5830,"date":"2026-04-08T14:28:56","date_gmt":"2026-04-08T12:28:56","guid":{"rendered":"https:\/\/senzor.sk\/zautomatyzowany-sprzet-produkcyjny\/zautomatyzowane-linie-produkcyjne-i-montazowe\/"},"modified":"2026-04-15T15:02:37","modified_gmt":"2026-04-15T13:02:37","slug":"zautomatyzowane-linie-produkcyjne-i-montazowe","status":"publish","type":"page","link":"https:\/\/senzor.sk\/pl\/zautomatyzowany-sprzet-produkcyjny\/zautomatyzowane-linie-produkcyjne-i-montazowe\/","title":{"rendered":"Zautomatyzowane linie produkcyjne i monta\u017cowe"},"content":{"rendered":"<p><section class=\"fusion-fullwidth fullwidth-box fusion-builder-row-1 fusion-flex-container has-pattern-background has-mask-background nonhundred-percent-fullwidth non-hundred-percent-height-scrolling\" style=\"--awb-border-radius-top-left:0px;--awb-border-radius-top-right:0px;--awb-border-radius-bottom-right:0px;--awb-border-radius-bottom-left:0px;--awb-padding-bottom:100px;--awb-padding-bottom-medium:50px;--awb-padding-bottom-small:50px;--awb-flex-wrap:wrap;\" ><div class=\"fusion-builder-row fusion-row fusion-flex-align-items-flex-start fusion-flex-justify-content-center fusion-flex-content-wrap\" style=\"max-width:1580.8px;margin-left: calc(-4% \/ 2 );margin-right: calc(-4% \/ 2 );\"><div class=\"fusion-layout-column fusion_builder_column fusion-builder-column-0 fusion_builder_column_1_1 1_1 fusion-flex-column max-width-880\" style=\"--awb-bg-size:cover;--awb-width-large:100%;--awb-margin-top-large:0px;--awb-spacing-right-large:1.92%;--awb-margin-bottom-large:0px;--awb-spacing-left-large:1.92%;--awb-width-medium:100%;--awb-order-medium:0;--awb-spacing-right-medium:1.92%;--awb-spacing-left-medium:1.92%;--awb-width-small:100%;--awb-order-small:0;--awb-spacing-right-small:1.92%;--awb-spacing-left-small:1.92%;\" data-scroll-devices=\"small-visibility,medium-visibility,large-visibility\"><div class=\"fusion-column-wrapper fusion-column-has-shadow fusion-flex-justify-content-flex-start fusion-content-layout-column\"><div class=\"fusion-text fusion-text-1 md-text-align-left sm-text-align-left fusion-text-no-margin blue-font-opacity\" style=\"--awb-content-alignment:justify;--awb-font-size:24px;--awb-line-height:135%;--awb-margin-bottom:0px;--awb-text-font-family:&quot;Inter&quot;;--awb-text-font-style:normal;--awb-text-font-weight:500;\"><p>Firma specjalizuje si\u0119 w <strong>rozwi\u0105zaniach automatyzacyjnych dla przemys\u0142u motoryzacyjnego, konsumenckiego i elektrotechnicznego<\/strong> , wykorzystuj\u0105c w tym celu <strong>wieloletnie do\u015bwiadczenie i sprawdzone praktyki technologiczne<\/strong> .<\/p>\n<p>Linie automatyczne projektowane s\u0105 jako <strong>zintegrowane jednostki technologiczne,<\/strong> zapewniaj\u0105ce p\u0142ynny i kontrolowany przep\u0142yw materia\u0142\u00f3w i informacji w ca\u0142ym procesie produkcyjnym. Architektura linii oparta jest na zasadach <strong>modu\u0142owo\u015bci, skalowalno\u015bci i elastyczno\u015bci<\/strong> , co pozwala na ich efektywne dostosowanie do zmieniaj\u0105cych si\u0119 wymaga\u0144 produkcyjnych. Systemy \u0142\u0105cz\u0105 zasady synchronicznego i asynchronicznego sterowania produkcj\u0105 oraz integruj\u0105 <strong>stanowiska r\u0119czne, p\u00f3\u0142automatyczne i w pe\u0142ni zautomatyzowane w jedn\u0105 funkcjonaln\u0105 ca\u0142o\u015b\u0107<\/strong> .  <\/p>\n<\/div><\/div><\/div><\/div><\/section><section class=\"fusion-fullwidth fullwidth-box fusion-builder-row-2 fusion-flex-container has-pattern-background has-mask-background nonhundred-percent-fullwidth non-hundred-percent-height-scrolling\" style=\"--awb-border-radius-top-left:0px;--awb-border-radius-top-right:0px;--awb-border-radius-bottom-right:0px;--awb-border-radius-bottom-left:0px;--awb-padding-bottom:50px;--awb-padding-bottom-medium:50px;--awb-padding-bottom-small:50px;--awb-flex-wrap:wrap;\" ><div class=\"fusion-builder-row fusion-row fusion-flex-align-items-flex-start fusion-flex-content-wrap\" style=\"max-width:1580.8px;margin-left: calc(-4% \/ 2 );margin-right: calc(-4% \/ 2 );\"><div class=\"fusion-layout-column fusion_builder_column fusion-builder-column-1 fusion_builder_column_1_1 1_1 fusion-flex-column\" style=\"--awb-bg-size:cover;--awb-width-large:100%;--awb-margin-top-large:0px;--awb-spacing-right-large:1.92%;--awb-margin-bottom-large:50px;--awb-spacing-left-large:1.92%;--awb-width-medium:100%;--awb-order-medium:0;--awb-spacing-right-medium:1.92%;--awb-spacing-left-medium:1.92%;--awb-width-small:100%;--awb-order-small:0;--awb-spacing-right-small:1.92%;--awb-spacing-left-small:1.92%;\" data-scroll-devices=\"small-visibility,medium-visibility,large-visibility\"><div class=\"fusion-column-wrapper fusion-column-has-shadow fusion-flex-justify-content-flex-start fusion-content-layout-column\">\n<figure class=\"sektor\"><div class=\"fusion-image-element \" style=\"--awb-aspect-ratio: 100 \/ 65;--awb-caption-title-font-family:var(--h2_typography-font-family);--awb-caption-title-font-weight:var(--h2_typography-font-weight);--awb-caption-title-font-style:var(--h2_typography-font-style);--awb-caption-title-size:var(--h2_typography-font-size);--awb-caption-title-transform:var(--h2_typography-text-transform);--awb-caption-title-line-height:var(--h2_typography-line-height);--awb-caption-title-letter-spacing:var(--h2_typography-letter-spacing);\"><span class=\" fusion-imageframe imageframe-none imageframe-1 hover-type-none has-aspect-ratio\"><img decoding=\"async\" width=\"750\" height=\"488\" src=\"https:\/\/senzor.sk\/wp-content\/uploads\/2026\/04\/Automatizovane-vyrobne-a-montazne-linky-1.webp\" class=\"img-responsive wp-image-5736 img-with-aspect-ratio\" data-parent-fit=\"cover\" data-parent-container=\".fusion-image-element\" alt srcset=\"https:\/\/senzor.sk\/wp-content\/uploads\/2026\/04\/Automatizovane-vyrobne-a-montazne-linky-1-200x130.webp 200w, https:\/\/senzor.sk\/wp-content\/uploads\/2026\/04\/Automatizovane-vyrobne-a-montazne-linky-1-400x260.webp 400w, https:\/\/senzor.sk\/wp-content\/uploads\/2026\/04\/Automatizovane-vyrobne-a-montazne-linky-1-600x390.webp 600w, https:\/\/senzor.sk\/wp-content\/uploads\/2026\/04\/Automatizovane-vyrobne-a-montazne-linky-1.webp 750w\" sizes=\"(max-width: 724px) 100vw, 750px\" \/><\/span><\/div><figcaption><div class=\"fusion-title title fusion-title-1 fusion-sep-none fusion-title-text fusion-title-size-two\" style=\"--awb-margin-top:0px;--awb-margin-right:0px;--awb-margin-bottom:30px;--awb-margin-left:0px;--awb-margin-top-small:0px;--awb-margin-right-small:0px;--awb-margin-bottom-small:20px;--awb-margin-left-small:0px;--awb-font-size:36px;\"><h2 class=\"fusion-title-heading title-heading-left\" style=\"font-family:&quot;PreonSharp Medium&quot;;font-style:normal;font-weight:400;margin:0;text-transform:uppercase;font-size:1em;line-height:115%;\">Kluczowe korzy\u015bci<\/h2><\/div><ul style=\"--awb-margin-top:0px;--awb-margin-right:0px;--awb-margin-bottom:0px;--awb-margin-left:0px;--awb-iconcolor:var(--awb-color4);--awb-textcolor:var(--awb-color5);--awb-line-height:27.2px;--awb-icon-width:27.2px;--awb-icon-height:27.2px;--awb-icon-margin:11.2px;--awb-content-margin:38.4px;\" class=\"fusion-checklist fusion-checklist-1 fusion-checklist-default type-icons\"><li class=\"fusion-li-item\" style=\"\"><span class=\"icon-wrapper circle-no\"><i class=\"fusion-li-icon fa-angle-right fas\" aria-hidden=\"true\"><\/i><\/span><div class=\"fusion-li-item-content\">\n<p>Optymalizacja przep\u0142yw\u00f3w produkcyjnych i znacz\u0105ce skr\u00f3cenie czas\u00f3w cykli.<\/p>\n<\/div><\/li><li class=\"fusion-li-item\" style=\"\"><span class=\"icon-wrapper circle-no\"><i class=\"fusion-li-icon fa-angle-right fas\" aria-hidden=\"true\"><\/i><\/span><div class=\"fusion-li-item-content\">\n<p>Zwi\u0119ksz wydajno\u015b\u0107 i og\u00f3ln\u0105 efektywno\u015b\u0107 produkcji (OEE).<\/p>\n<\/div><\/li><li class=\"fusion-li-item\" style=\"\"><span class=\"icon-wrapper circle-no\"><i class=\"fusion-li-icon fa-angle-right fas\" aria-hidden=\"true\"><\/i><\/span><div class=\"fusion-li-item-content\">\n<p>Wysoka powtarzalno\u015b\u0107 i sp\u00f3jna jako\u015b\u0107 produkcji.<\/p>\n<\/div><\/li><li class=\"fusion-li-item\" style=\"\"><span class=\"icon-wrapper circle-no\"><i class=\"fusion-li-icon fa-angle-right fas\" aria-hidden=\"true\"><\/i><\/span><div class=\"fusion-li-item-content\">\n<p>Eliminowanie zmienno\u015bci i minimalizowanie wp\u0142ywu czynnika ludzkiego.<\/p>\n<\/div><\/li><li class=\"fusion-li-item\" style=\"\"><span class=\"icon-wrapper circle-no\"><i class=\"fusion-li-icon fa-angle-right fas\" aria-hidden=\"true\"><\/i><\/span><div class=\"fusion-li-item-content\">\n<p>Zwi\u0119kszenie niezawodno\u015bci operacyjnej i dost\u0119pno\u015bci sprz\u0119tu.<\/p>\n<\/div><\/li><\/ul><\/figcaption><\/figure>\n<\/div><\/div><div class=\"fusion-layout-column fusion_builder_column fusion-builder-column-2 fusion_builder_column_1_1 1_1 fusion-flex-column\" style=\"--awb-bg-size:cover;--awb-width-large:100%;--awb-margin-top-large:0px;--awb-spacing-right-large:1.92%;--awb-margin-bottom-large:50px;--awb-spacing-left-large:1.92%;--awb-width-medium:100%;--awb-order-medium:0;--awb-spacing-right-medium:1.92%;--awb-spacing-left-medium:1.92%;--awb-width-small:100%;--awb-order-small:0;--awb-spacing-right-small:1.92%;--awb-spacing-left-small:1.92%;\" data-scroll-devices=\"small-visibility,medium-visibility,large-visibility\"><div class=\"fusion-column-wrapper fusion-column-has-shadow fusion-flex-justify-content-flex-start fusion-content-layout-column\">\n<figure class=\"sektor\"><figcaption><div class=\"fusion-title title fusion-title-2 fusion-sep-none fusion-title-text fusion-title-size-two\" style=\"--awb-margin-top:0px;--awb-margin-right:0px;--awb-margin-bottom:30px;--awb-margin-left:0px;--awb-margin-top-small:0px;--awb-margin-right-small:0px;--awb-margin-bottom-small:20px;--awb-margin-left-small:0px;--awb-font-size:36px;\"><h2 class=\"fusion-title-heading title-heading-left\" style=\"font-family:&quot;PreonSharp Medium&quot;;font-style:normal;font-weight:400;margin:0;text-transform:uppercase;font-size:1em;line-height:115%;\">Poziom technologiczny rozwi\u0105za\u0144<\/h2><\/div><ul style=\"--awb-margin-top:0px;--awb-margin-right:0px;--awb-margin-bottom:0px;--awb-margin-left:0px;--awb-iconcolor:var(--awb-color4);--awb-textcolor:var(--awb-color5);--awb-line-height:27.2px;--awb-icon-width:27.2px;--awb-icon-height:27.2px;--awb-icon-margin:11.2px;--awb-content-margin:38.4px;\" class=\"fusion-checklist fusion-checklist-2 fusion-checklist-default type-icons\"><li class=\"fusion-li-item\" style=\"\"><span class=\"icon-wrapper circle-no\"><i class=\"fusion-li-icon fa-angle-right fas\" aria-hidden=\"true\"><\/i><\/span><div class=\"fusion-li-item-content\">\n<p>W pe\u0142ni automatyczne i p\u00f3\u0142automatyczne linie monta\u017cowe i produkcyjne.<\/p>\n<\/div><\/li><li class=\"fusion-li-item\" style=\"\"><span class=\"icon-wrapper circle-no\"><i class=\"fusion-li-icon fa-angle-right fas\" aria-hidden=\"true\"><\/i><\/span><div class=\"fusion-li-item-content\">\n<p>Integracja stanowisk robotycznych, manipulator\u00f3w i system\u00f3w przeno\u015bnikowych.<\/p>\n<\/div><\/li><li class=\"fusion-li-item\" style=\"\"><span class=\"icon-wrapper circle-no\"><i class=\"fusion-li-icon fa-angle-right fas\" aria-hidden=\"true\"><\/i><\/span><div class=\"fusion-li-item-content\">\n<p>Stanowiska kontroli, pomiaru i testowania w trybie on-line, obejmuj\u0105ce 100% kontroli.<\/p>\n<\/div><\/li><li class=\"fusion-li-item\" style=\"\"><span class=\"icon-wrapper circle-no\"><i class=\"fusion-li-icon fa-angle-right fas\" aria-hidden=\"true\"><\/i><\/span><div class=\"fusion-li-item-content\">\n<p>Zaawansowane systemy zarz\u0105dzania jako\u015bci\u0105 i zapobiegania b\u0142\u0119dom (Poka-Yoke).<\/p>\n<\/div><\/li><li class=\"fusion-li-item\" style=\"\"><span class=\"icon-wrapper circle-no\"><i class=\"fusion-li-icon fa-angle-right fas\" aria-hidden=\"true\"><\/i><\/span><div class=\"fusion-li-item-content\">\n<p>Po\u0142\u0105czenie z systemami zarz\u0105dzania produkcj\u0105 wy\u017cszego poziomu (MES\/ERP).<\/p>\n<\/div><\/li><li class=\"fusion-li-item\" style=\"\"><span class=\"icon-wrapper circle-no\"><i class=\"fusion-li-icon fa-angle-right fas\" aria-hidden=\"true\"><\/i><\/span><div class=\"fusion-li-item-content\">\n<p>Gromadzenie, przetwarzanie i analiza danych produkcyjnych i procesowych w czasie rzeczywistym.<\/p>\n<\/div><\/li><\/ul><\/figcaption><div class=\"fusion-image-element \" style=\"--awb-aspect-ratio: 100 \/ 65;--awb-caption-title-font-family:var(--h2_typography-font-family);--awb-caption-title-font-weight:var(--h2_typography-font-weight);--awb-caption-title-font-style:var(--h2_typography-font-style);--awb-caption-title-size:var(--h2_typography-font-size);--awb-caption-title-transform:var(--h2_typography-text-transform);--awb-caption-title-line-height:var(--h2_typography-line-height);--awb-caption-title-letter-spacing:var(--h2_typography-letter-spacing);\"><span class=\" fusion-imageframe imageframe-none imageframe-2 hover-type-none has-aspect-ratio\"><img decoding=\"async\" width=\"750\" height=\"488\" src=\"https:\/\/senzor.sk\/wp-content\/uploads\/2026\/04\/Automatizovane-vyrobne-a-montazne-linky-2.webp\" class=\"img-responsive wp-image-5735 img-with-aspect-ratio\" data-parent-fit=\"cover\" data-parent-container=\".fusion-image-element\" alt srcset=\"https:\/\/senzor.sk\/wp-content\/uploads\/2026\/04\/Automatizovane-vyrobne-a-montazne-linky-2-200x130.webp 200w, https:\/\/senzor.sk\/wp-content\/uploads\/2026\/04\/Automatizovane-vyrobne-a-montazne-linky-2-400x260.webp 400w, https:\/\/senzor.sk\/wp-content\/uploads\/2026\/04\/Automatizovane-vyrobne-a-montazne-linky-2-600x390.webp 600w, https:\/\/senzor.sk\/wp-content\/uploads\/2026\/04\/Automatizovane-vyrobne-a-montazne-linky-2.webp 750w\" sizes=\"(max-width: 724px) 100vw, 750px\" \/><\/span><\/div><\/figure>\n<\/div><\/div><div class=\"fusion-layout-column fusion_builder_column fusion-builder-column-3 fusion_builder_column_1_1 1_1 fusion-flex-column\" style=\"--awb-bg-size:cover;--awb-width-large:100%;--awb-margin-top-large:0px;--awb-spacing-right-large:1.92%;--awb-margin-bottom-large:50px;--awb-spacing-left-large:1.92%;--awb-width-medium:100%;--awb-order-medium:0;--awb-spacing-right-medium:1.92%;--awb-spacing-left-medium:1.92%;--awb-width-small:100%;--awb-order-small:0;--awb-spacing-right-small:1.92%;--awb-spacing-left-small:1.92%;\" data-scroll-devices=\"small-visibility,medium-visibility,large-visibility\"><div class=\"fusion-column-wrapper fusion-column-has-shadow fusion-flex-justify-content-flex-start fusion-content-layout-column\">\n<figure class=\"sektor\"><div class=\"fusion-image-element \" style=\"--awb-aspect-ratio: 100 \/ 65;--awb-caption-title-font-family:var(--h2_typography-font-family);--awb-caption-title-font-weight:var(--h2_typography-font-weight);--awb-caption-title-font-style:var(--h2_typography-font-style);--awb-caption-title-size:var(--h2_typography-font-size);--awb-caption-title-transform:var(--h2_typography-text-transform);--awb-caption-title-line-height:var(--h2_typography-line-height);--awb-caption-title-letter-spacing:var(--h2_typography-letter-spacing);\"><span class=\" fusion-imageframe imageframe-none imageframe-3 hover-type-none has-aspect-ratio\"><img decoding=\"async\" width=\"750\" height=\"488\" src=\"https:\/\/senzor.sk\/wp-content\/uploads\/2026\/04\/Automatizovane-vyrobne-a-montazne-linky-3.webp\" class=\"img-responsive wp-image-5737 img-with-aspect-ratio\" data-parent-fit=\"cover\" data-parent-container=\".fusion-image-element\" alt srcset=\"https:\/\/senzor.sk\/wp-content\/uploads\/2026\/04\/Automatizovane-vyrobne-a-montazne-linky-3-200x130.webp 200w, https:\/\/senzor.sk\/wp-content\/uploads\/2026\/04\/Automatizovane-vyrobne-a-montazne-linky-3-400x260.webp 400w, https:\/\/senzor.sk\/wp-content\/uploads\/2026\/04\/Automatizovane-vyrobne-a-montazne-linky-3-600x390.webp 600w, https:\/\/senzor.sk\/wp-content\/uploads\/2026\/04\/Automatizovane-vyrobne-a-montazne-linky-3.webp 750w\" sizes=\"(max-width: 724px) 100vw, 750px\" \/><\/span><\/div><figcaption><div class=\"fusion-title title fusion-title-3 fusion-sep-none fusion-title-text fusion-title-size-two\" style=\"--awb-margin-top:0px;--awb-margin-right:0px;--awb-margin-bottom:30px;--awb-margin-left:0px;--awb-margin-top-small:0px;--awb-margin-right-small:0px;--awb-margin-bottom-small:20px;--awb-margin-left-small:0px;--awb-font-size:36px;\"><h2 class=\"fusion-title-heading title-heading-left\" style=\"font-family:&quot;PreonSharp Medium&quot;;font-style:normal;font-weight:400;margin:0;text-transform:uppercase;font-size:1em;line-height:115%;\">Skalowalno\u015b\u0107 i przysz\u0142y rozw\u00f3j<\/h2><\/div><div class=\"fusion-text fusion-text-2\"><p>Rozwi\u0105zania zosta\u0142y zaprojektowane z naciskiem na d\u0142ugoterminow\u0105 stabilno\u015b\u0107 i rozw\u00f3j technologiczny. Modu\u0142owa architektura umo\u017cliwia \u0142atw\u0105 rozbudow\u0119 linii produkcyjnej, integracj\u0119 nowych proces\u00f3w i adaptacj\u0119 do nowych wariant\u00f3w produkt\u00f3w bez konieczno\u015bci znacz\u0105cej ingerencji w istniej\u0105c\u0105 infrastruktur\u0119. <\/p>\n<\/div><\/figcaption><\/figure>\n<\/div><\/div><\/div><\/section><\/p>\n","protected":false},"excerpt":{"rendered":"","protected":false},"author":3,"featured_media":0,"parent":5825,"menu_order":20,"comment_status":"closed","ping_status":"closed","template":"100-width.php","meta":{"_acf_changed":false,"footnotes":""},"class_list":["post-5830","page","type-page","status-publish","hentry"],"acf":[],"yoast_head":"<!-- This site is optimized with the Yoast SEO Premium plugin v26.1 (Yoast SEO v27.4) - https:\/\/yoast.com\/product\/yoast-seo-premium-wordpress\/ -->\n<title>Zautomatyzowane linie produkcyjne i monta\u017cowe - SENZOR<\/title>\n<meta name=\"robots\" content=\"index, follow, max-snippet:-1, max-image-preview:large, max-video-preview:-1\" \/>\n<link rel=\"canonical\" href=\"https:\/\/senzor.sk\/pl\/zautomatyzowany-sprzet-produkcyjny\/zautomatyzowane-linie-produkcyjne-i-montazowe\/\" \/>\n<meta property=\"og:locale\" content=\"pl_PL\" \/>\n<meta property=\"og:type\" content=\"article\" \/>\n<meta property=\"og:title\" content=\"Zautomatyzowane linie produkcyjne i monta\u017cowe\" \/>\n<meta property=\"og:url\" content=\"https:\/\/senzor.sk\/pl\/zautomatyzowany-sprzet-produkcyjny\/zautomatyzowane-linie-produkcyjne-i-montazowe\/\" \/>\n<meta property=\"og:site_name\" content=\"SENZOR\" \/>\n<meta property=\"article:modified_time\" content=\"2026-04-15T13:02:37+00:00\" \/>\n<meta name=\"twitter:card\" content=\"summary_large_image\" \/>\n<meta name=\"twitter:label1\" content=\"Szacowany czas czytania\" \/>\n\t<meta name=\"twitter:data1\" content=\"15 minut\" \/>\n<script type=\"application\/ld+json\" class=\"yoast-schema-graph\">{\"@context\":\"https:\\\/\\\/schema.org\",\"@graph\":[{\"@type\":\"WebPage\",\"@id\":\"https:\\\/\\\/senzor.sk\\\/pl\\\/zautomatyzowany-sprzet-produkcyjny\\\/zautomatyzowane-linie-produkcyjne-i-montazowe\\\/\",\"url\":\"https:\\\/\\\/senzor.sk\\\/pl\\\/zautomatyzowany-sprzet-produkcyjny\\\/zautomatyzowane-linie-produkcyjne-i-montazowe\\\/\",\"name\":\"Zautomatyzowane linie produkcyjne i monta\u017cowe - SENZOR\",\"isPartOf\":{\"@id\":\"https:\\\/\\\/senzor.sk\\\/pl\\\/#website\"},\"datePublished\":\"2026-04-08T12:28:56+00:00\",\"dateModified\":\"2026-04-15T13:02:37+00:00\",\"breadcrumb\":{\"@id\":\"https:\\\/\\\/senzor.sk\\\/pl\\\/zautomatyzowany-sprzet-produkcyjny\\\/zautomatyzowane-linie-produkcyjne-i-montazowe\\\/#breadcrumb\"},\"inLanguage\":\"pl-PL\",\"potentialAction\":[{\"@type\":\"ReadAction\",\"target\":[\"https:\\\/\\\/senzor.sk\\\/pl\\\/zautomatyzowany-sprzet-produkcyjny\\\/zautomatyzowane-linie-produkcyjne-i-montazowe\\\/\"]}]},{\"@type\":\"BreadcrumbList\",\"@id\":\"https:\\\/\\\/senzor.sk\\\/pl\\\/zautomatyzowany-sprzet-produkcyjny\\\/zautomatyzowane-linie-produkcyjne-i-montazowe\\\/#breadcrumb\",\"itemListElement\":[{\"@type\":\"ListItem\",\"position\":1,\"name\":\"Domovsk\u00e1 str\u00e1nka\",\"item\":\"https:\\\/\\\/senzor.sk\\\/pl\\\/senzor\\\/\"},{\"@type\":\"ListItem\",\"position\":2,\"name\":\"Zautomatyzowany sprz\u0119t produkcyjny\",\"item\":\"https:\\\/\\\/senzor.sk\\\/pl\\\/zautomatyzowany-sprzet-produkcyjny\\\/\"},{\"@type\":\"ListItem\",\"position\":3,\"name\":\"Zautomatyzowane linie produkcyjne i monta\u017cowe\"}]},{\"@type\":\"WebSite\",\"@id\":\"https:\\\/\\\/senzor.sk\\\/pl\\\/#website\",\"url\":\"https:\\\/\\\/senzor.sk\\\/pl\\\/\",\"name\":\"SENZOR\",\"description\":\"\",\"potentialAction\":[{\"@type\":\"SearchAction\",\"target\":{\"@type\":\"EntryPoint\",\"urlTemplate\":\"https:\\\/\\\/senzor.sk\\\/pl\\\/?s={search_term_string}\"},\"query-input\":{\"@type\":\"PropertyValueSpecification\",\"valueRequired\":true,\"valueName\":\"search_term_string\"}}],\"inLanguage\":\"pl-PL\"}]}<\/script>\n<!-- \/ Yoast SEO Premium plugin. -->","yoast_head_json":{"title":"Zautomatyzowane linie produkcyjne i monta\u017cowe - SENZOR","robots":{"index":"index","follow":"follow","max-snippet":"max-snippet:-1","max-image-preview":"max-image-preview:large","max-video-preview":"max-video-preview:-1"},"canonical":"https:\/\/senzor.sk\/pl\/zautomatyzowany-sprzet-produkcyjny\/zautomatyzowane-linie-produkcyjne-i-montazowe\/","og_locale":"pl_PL","og_type":"article","og_title":"Zautomatyzowane linie produkcyjne i monta\u017cowe","og_url":"https:\/\/senzor.sk\/pl\/zautomatyzowany-sprzet-produkcyjny\/zautomatyzowane-linie-produkcyjne-i-montazowe\/","og_site_name":"SENZOR","article_modified_time":"2026-04-15T13:02:37+00:00","twitter_card":"summary_large_image","twitter_misc":{"Szacowany czas czytania":"15 minut"},"schema":{"@context":"https:\/\/schema.org","@graph":[{"@type":"WebPage","@id":"https:\/\/senzor.sk\/pl\/zautomatyzowany-sprzet-produkcyjny\/zautomatyzowane-linie-produkcyjne-i-montazowe\/","url":"https:\/\/senzor.sk\/pl\/zautomatyzowany-sprzet-produkcyjny\/zautomatyzowane-linie-produkcyjne-i-montazowe\/","name":"Zautomatyzowane linie produkcyjne i monta\u017cowe - SENZOR","isPartOf":{"@id":"https:\/\/senzor.sk\/pl\/#website"},"datePublished":"2026-04-08T12:28:56+00:00","dateModified":"2026-04-15T13:02:37+00:00","breadcrumb":{"@id":"https:\/\/senzor.sk\/pl\/zautomatyzowany-sprzet-produkcyjny\/zautomatyzowane-linie-produkcyjne-i-montazowe\/#breadcrumb"},"inLanguage":"pl-PL","potentialAction":[{"@type":"ReadAction","target":["https:\/\/senzor.sk\/pl\/zautomatyzowany-sprzet-produkcyjny\/zautomatyzowane-linie-produkcyjne-i-montazowe\/"]}]},{"@type":"BreadcrumbList","@id":"https:\/\/senzor.sk\/pl\/zautomatyzowany-sprzet-produkcyjny\/zautomatyzowane-linie-produkcyjne-i-montazowe\/#breadcrumb","itemListElement":[{"@type":"ListItem","position":1,"name":"Domovsk\u00e1 str\u00e1nka","item":"https:\/\/senzor.sk\/pl\/senzor\/"},{"@type":"ListItem","position":2,"name":"Zautomatyzowany sprz\u0119t produkcyjny","item":"https:\/\/senzor.sk\/pl\/zautomatyzowany-sprzet-produkcyjny\/"},{"@type":"ListItem","position":3,"name":"Zautomatyzowane linie produkcyjne i monta\u017cowe"}]},{"@type":"WebSite","@id":"https:\/\/senzor.sk\/pl\/#website","url":"https:\/\/senzor.sk\/pl\/","name":"SENZOR","description":"","potentialAction":[{"@type":"SearchAction","target":{"@type":"EntryPoint","urlTemplate":"https:\/\/senzor.sk\/pl\/?s={search_term_string}"},"query-input":{"@type":"PropertyValueSpecification","valueRequired":true,"valueName":"search_term_string"}}],"inLanguage":"pl-PL"}]}},"_links":{"self":[{"href":"https:\/\/senzor.sk\/pl\/wp-json\/wp\/v2\/pages\/5830","targetHints":{"allow":["GET"]}}],"collection":[{"href":"https:\/\/senzor.sk\/pl\/wp-json\/wp\/v2\/pages"}],"about":[{"href":"https:\/\/senzor.sk\/pl\/wp-json\/wp\/v2\/types\/page"}],"author":[{"embeddable":true,"href":"https:\/\/senzor.sk\/pl\/wp-json\/wp\/v2\/users\/3"}],"replies":[{"embeddable":true,"href":"https:\/\/senzor.sk\/pl\/wp-json\/wp\/v2\/comments?post=5830"}],"version-history":[{"count":0,"href":"https:\/\/senzor.sk\/pl\/wp-json\/wp\/v2\/pages\/5830\/revisions"}],"up":[{"embeddable":true,"href":"https:\/\/senzor.sk\/pl\/wp-json\/wp\/v2\/pages\/5825"}],"wp:attachment":[{"href":"https:\/\/senzor.sk\/pl\/wp-json\/wp\/v2\/media?parent=5830"}],"curies":[{"name":"wp","href":"https:\/\/api.w.org\/{rel}","templated":true}]}}